{"id":100,"date":"2019-04-16T19:56:41","date_gmt":"2019-04-16T17:56:41","guid":{"rendered":"http:\/\/kita.glkihv.de\/?page_id=100"},"modified":"2023-09-12T16:21:21","modified_gmt":"2023-09-12T14:21:21","slug":"leistungen","status":"publish","type":"page","link":"http:\/\/kita.glkihv.de\/en\/leistungen\/","title":{"rendered":"Leistungen"},"content":{"rendered":"<p>Mit besonderen Serviceleistungen bietet die Kita St. Martin f\u00fcr Ihre Eltern beste Voraussetzungen, Familie und Beruf zu vereinbaren:<\/p>\n<p><strong>Betreuungsalter in den Kinderkrippen<\/strong><\/p>\n<p>In unseren Kinderkrippen betreuen wir Kinder ab einem Alter von 6 Monaten. Das H\u00f6chstalter liegt bei 3 Jahren, wobei hier der 1. Oktober eines Jahres als Stichtag gilt (ist Ihr Kind nach dem 30. September geboren, kann es auch nach seinem 3. Geburtstag bis zum darauffolgenden 31.8. in unseren KiTas betreut werden).<\/p>\n<p><strong>\u00d6ffnungszeiten der Krippen und Kinderg\u00e4rten<\/strong><\/p>\n<p>8:00 Uhr -16:30 Uhr<\/p>\n<p><strong>Schlie\u00dfzeiten<\/strong><\/p>\n<p>Unsere Kita St. Martin hat nur kleine Schlie\u00dfzeiten. Die Schlie\u00dfzeiten betragen insgesamt ca. 20 Tage im Jahr, aufgeteilt auf die Sommer- und Winterferien. J\u00e4hrlich bis zu 6 Konzepttage zur Fort- und Weiterbildung unserer P\u00e4dagogen werden von uns geplant. Sie erhalten einen Plan \u00fcber unsere Schlie\u00dftage am Anfang jedes Kindergartenjahres.<\/p>\n<p><strong>Flexibler Anmelde- und Eingew\u00f6hnungsbeginn<\/strong><\/p>\n<p>Bei uns ist die Anmeldung bzw. der Einstieg vereinzelt auch w\u00e4hrend des Jahres m\u00f6glich \u2013 abh\u00e4ngig von freien Pl\u00e4tzen.<\/p>\n<p>F\u00fcr eine Anmeldung bei uns, registrieren Sie sich bitte \u00fcber den <span style=\"color: #ff0000;\">kita<\/span> <span style=\"color: #000000;\">finder<\/span> <span style=\"color: #ffcc00;\">+<\/span> der Landeshauptstadt M\u00fcnchen.<\/p>\n<p><strong>Gesunde Verpflegung<\/strong><\/p>\n<p>Eine gesunde Ern\u00e4hrung ist uns wichtig. Der Speiseplan entspricht den Empfehlungen der Deutschen Gesellschaft f\u00fcr Ern\u00e4hrung (DGE) und den Erkenntnissen des Forschungsinstituts f\u00fcr Kinderern\u00e4hrung.<\/p>\n<p><strong>Hygieneartikel<br \/>\n<\/strong><\/p>\n<p>S\u00e4mtliche Hygieneartikel, wie Windeln und Cremes werden von unseren Eltern f\u00fcr ihre Kinder mitgebracht. So erhalten unsere Kinder die optimale Betreuung mit f\u00fcr sie vertr\u00e4glichen Produkten.<\/p>\n<p><strong>Betreuungsgeb\u00fchren &#8211; Anmeldegeb\u00fchr<\/strong><\/p>\n<p>Die H\u00f6he des monatlichen Betreuungsentgelts f\u00fcr Kinderkrippe und Kindergarten richtet sich nach dem Buchungspaket. Eine Anmeldegeb\u00fchr f\u00e4llt an.<\/p>\n<p><strong>Eltern mit geringem Einkommen<\/strong><\/p>\n<p>Auch Eltern mit geringerem Einkommen sind herzlich bei uns willkommen. Sie haben die M\u00f6glichkeit, durch die zust\u00e4ndigen \u00c4mter<strong> finanzielle Unterst\u00fctzung<\/strong> zu erhalten, um Ihrem Kind die bestm\u00f6gliche Betreuung bieten zu k\u00f6nnen. Gern sind wir bei der Beantragung behilflich.<\/p>\n","protected":false},"excerpt":{"rendered":"<p>Mit besonderen Serviceleistungen bietet die Kita St. Martin f\u00fcr Ihre Eltern beste Voraussetzungen, Familie und Beruf zu vereinbaren: Betreuungsalter in den Kinderkrippen In unseren Kinderkrippen betreuen wir Kinder ab einem Alter von 6 Monaten. Das H\u00f6chstalter liegt bei 3 Jahren, &hellip; <a href=\"http:\/\/kita.glkihv.de\/en\/leistungen\/\">Continue reading <span class=\"meta-nav\">&rarr;<\/span><\/a><\/p>\n","protected":false},"author":1,"featured_media":0,"parent":0,"menu_order":0,"comment_status":"closed","ping_status":"closed","template":"","meta":{"footnotes":""},"class_list":["post-100","page","type-page","status-publish","hentry"],"translation":{"provider":"WPGlobus","version":"2.12.2","language":"en","enabled_languages":["de","en"],"languages":{"de":{"title":true,"content":true,"excerpt":false},"en":{"title":false,"content":false,"excerpt":false}}},"_links":{"self":[{"href":"http:\/\/kita.glkihv.de\/en\/wp-json\/wp\/v2\/pages\/100"}],"collection":[{"href":"http:\/\/kita.glkihv.de\/en\/wp-json\/wp\/v2\/pages"}],"about":[{"href":"http:\/\/kita.glkihv.de\/en\/wp-json\/wp\/v2\/types\/page"}],"author":[{"embeddable":true,"href":"http:\/\/kita.glkihv.de\/en\/wp-json\/wp\/v2\/users\/1"}],"replies":[{"embeddable":true,"href":"http:\/\/kita.glkihv.de\/en\/wp-json\/wp\/v2\/comments?post=100"}],"version-history":[{"count":9,"href":"http:\/\/kita.glkihv.de\/en\/wp-json\/wp\/v2\/pages\/100\/revisions"}],"predecessor-version":[{"id":309,"href":"http:\/\/kita.glkihv.de\/en\/wp-json\/wp\/v2\/pages\/100\/revisions\/309"}],"wp:attachment":[{"href":"http:\/\/kita.glkihv.de\/en\/wp-json\/wp\/v2\/media?parent=100"}],"curies":[{"name":"wp","href":"https:\/\/api.w.org\/{rel}","templated":true}]}}