{"id":104,"date":"2019-04-16T19:57:47","date_gmt":"2019-04-16T17:57:47","guid":{"rendered":"http:\/\/kita.glkihv.de\/?page_id=104"},"modified":"2023-07-17T18:03:20","modified_gmt":"2023-07-17T16:03:20","slug":"preise","status":"publish","type":"page","link":"http:\/\/kita.glkihv.de\/en\/preise\/","title":{"rendered":"Preise"},"content":{"rendered":"<h1>Preise f\u00fcr unsere Kinderkrippe<\/h1>\n<p>\u2610 \u00a0\u00a042,5 \u2013 45 Stunden (&gt; 8 \u2013 9 Stunden t\u00e4glich):\u00a0\u00a0\u00a0\u00a0\u00a0 \u00a0\u00a0 890,00 EUR<\/p>\n<p>\u2610 \u00a0\u00a037,5 \u2013 40 Stunden (&gt; 7 \u2013 8 Stunden t\u00e4glich):\u00a0\u00a0\u00a0\u00a0\u00a0 \u00a0\u00a0 820,00 EUR<\/p>\n<p>\u2610 \u00a0\u00a032,5 \u2013 35 Stunden (&gt; 6 \u2013 7 Stunden t\u00e4glich):\u00a0\u00a0\u00a0\u00a0\u00a0 \u00a0\u00a0 750,00 EUR<\/p>\n<p>\u2610 \u00a0\u00a027,5 \u2013 30 Stunden (&gt; 5 \u2013 6 Stunden t\u00e4glich):\u00a0\u00a0\u00a0\u00a0\u00a0 \u00a0\u00a0 680,00 EUR<\/p>\n<p>\u2610 \u00a0\u00a022,5 \u2013 25 Stunden (&gt; 4 \u2013 5 Stunden t\u00e4glich):\u00a0\u00a0\u00a0\u00a0\u00a0 \u00a0\u00a0 610,00 EUR<\/p>\n<ul>\n<li>Mittagsverpflegung 98,00 Euro pro Monat<\/li>\n<\/ul>\n<h2>Preise f\u00fcr unseren Kindergarten<\/h2>\n<p>\u2610 \u00a0\u00a042,5 \u2013 45 Stunden (&gt; 8 \u2013 9 Stunden t\u00e4glich):\u00a0\u00a0\u00a0\u00a0\u00a0\u00a0\u00a0\u00a0 640,00 EUR<\/p>\n<p>\u2610 \u00a0\u00a037,5 \u2013 40 Stunden (&gt; 7 \u2013 8 Stunden t\u00e4glich):\u00a0\u00a0\u00a0\u00a0\u00a0\u00a0\u00a0\u00a0 600,00 EUR<\/p>\n<p>\u2610 \u00a0\u00a032,5 \u2013 35 Stunden (&gt; 6 \u2013 7 Stunden t\u00e4glich):\u00a0\u00a0\u00a0\u00a0\u00a0\u00a0\u00a0\u00a0 560,00 EUR<\/p>\n<p>\u2610 \u00a0\u00a027,5 \u2013 30 Stunden (&gt; 5 \u2013 6 Stunden t\u00e4glich):\u00a0\u00a0\u00a0\u00a0\u00a0\u00a0\u00a0\u00a0 520,00 EUR<\/p>\n<p>\u2610 \u00a0\u00a022,5 \u2013 25 Stunden (&gt; 4 \u2013 5 Stunden t\u00e4glich):\u00a0\u00a0\u00a0\u00a0\u00a0\u00a0\u00a0\u00a0 480,00 EUR<\/p>\n<ul>\n<li>Mittagsverpflegung 108,00 Euro pro Monat<\/li>\n<\/ul>\n<h1><strong>Sonstige Kosten f\u00fcr Kindergarten und Kinderkrippe:<\/strong><\/h1>\n<ul>\n<li>einmalige Anmeldegeb\u00fchr f\u00fcr die Buchung der Betreuung betr\u00e4gt 300,00 Euro.<\/li>\n<li>Kaution: 1 Monatsbeitrag<\/li>\n<\/ul>\n<p>(Preisanpassungen vorbehalten)<\/p>\n","protected":false},"excerpt":{"rendered":"<p>Preise f\u00fcr unsere Kinderkrippe \u2610 \u00a0\u00a042,5 \u2013 45 Stunden (&gt; 8 \u2013 9 Stunden t\u00e4glich):\u00a0\u00a0\u00a0\u00a0\u00a0 \u00a0\u00a0 890,00 EUR \u2610 \u00a0\u00a037,5 \u2013 40 Stunden (&gt; 7 \u2013 8 Stunden t\u00e4glich):\u00a0\u00a0\u00a0\u00a0\u00a0 \u00a0\u00a0 820,00 EUR \u2610 \u00a0\u00a032,5 \u2013 35 Stunden (&gt; 6 \u2013 &hellip; <a href=\"http:\/\/kita.glkihv.de\/en\/preise\/\">Continue reading <span class=\"meta-nav\">&rarr;<\/span><\/a><\/p>\n","protected":false},"author":1,"featured_media":0,"parent":0,"menu_order":0,"comment_status":"closed","ping_status":"closed","template":"","meta":{"footnotes":""},"class_list":["post-104","page","type-page","status-publish","hentry"],"translation":{"provider":"WPGlobus","version":"2.12.2","language":"en","enabled_languages":["de","en"],"languages":{"de":{"title":true,"content":true,"excerpt":false},"en":{"title":false,"content":false,"excerpt":false}}},"_links":{"self":[{"href":"http:\/\/kita.glkihv.de\/en\/wp-json\/wp\/v2\/pages\/104"}],"collection":[{"href":"http:\/\/kita.glkihv.de\/en\/wp-json\/wp\/v2\/pages"}],"about":[{"href":"http:\/\/kita.glkihv.de\/en\/wp-json\/wp\/v2\/types\/page"}],"author":[{"embeddable":true,"href":"http:\/\/kita.glkihv.de\/en\/wp-json\/wp\/v2\/users\/1"}],"replies":[{"embeddable":true,"href":"http:\/\/kita.glkihv.de\/en\/wp-json\/wp\/v2\/comments?post=104"}],"version-history":[{"count":21,"href":"http:\/\/kita.glkihv.de\/en\/wp-json\/wp\/v2\/pages\/104\/revisions"}],"predecessor-version":[{"id":288,"href":"http:\/\/kita.glkihv.de\/en\/wp-json\/wp\/v2\/pages\/104\/revisions\/288"}],"wp:attachment":[{"href":"http:\/\/kita.glkihv.de\/en\/wp-json\/wp\/v2\/media?parent=104"}],"curies":[{"name":"wp","href":"https:\/\/api.w.org\/{rel}","templated":true}]}}