{"id":107,"date":"2019-04-16T19:59:01","date_gmt":"2019-04-16T17:59:01","guid":{"rendered":"http:\/\/kita.glkihv.de\/?page_id=107"},"modified":"2019-04-16T19:59:01","modified_gmt":"2019-04-16T17:59:01","slug":"angebot","status":"publish","type":"page","link":"http:\/\/kita.glkihv.de\/en\/angebot\/","title":{"rendered":"Angebot"},"content":{"rendered":"<p>Wir von der Kita St. Martin begreifen die Kinder in ihrer Lebenssituation und ihren sozialen Bez\u00fcgen und richten unsere p\u00e4dagogische Arbeit danach aus. Von zentraler Bedeutung sind f\u00fcr uns dabei die Unterst\u00fctzung und F\u00f6rderung der Pers\u00f6nlichkeitsbildung, der Selbstst\u00e4ndigkeit und der Kreativit\u00e4t des Kindes. Auch die Vermittlung sozialer Kompetenzen und das Verst\u00e4ndnis f\u00fcr die Verschiedenartigkeit der Menschen spielt bei unserer Arbeit eine gro\u00dfe Rolle. Dar\u00fcber hinaus unterst\u00fctzen wir Sie als Eltern bei der Erziehungsarbeit.<\/p>\n<p>Unser Motto: Gemeinsam mit Ihnen machen wir Ihr Kind stark!<\/p>\n<p><em>Die ganzheitliche F\u00f6rderung der Kinder umfasst bei uns:<\/em><\/p>\n<ul>\n<li>Sprach- und Sinnesf\u00f6rderung<\/li>\n<li>Bewegungstraining<\/li>\n<li>Fein- und Grobmotorik<\/li>\n<li>Vorschularbeit<\/li>\n<li>Soziale Kompetenzen<\/li>\n<li>Kognitive F\u00f6rderung<\/li>\n<li>Mathematisches Grundverst\u00e4ndniss<\/li>\n<li>Natur und Lebenswelt<\/li>\n<\/ul>\n","protected":false},"excerpt":{"rendered":"<p>Wir von der Kita St. Martin begreifen die Kinder in ihrer Lebenssituation und ihren sozialen Bez\u00fcgen und richten unsere p\u00e4dagogische Arbeit danach aus. Von zentraler Bedeutung sind f\u00fcr uns dabei die Unterst\u00fctzung und F\u00f6rderung der Pers\u00f6nlichkeitsbildung, der Selbstst\u00e4ndigkeit und der &hellip; <a href=\"http:\/\/kita.glkihv.de\/en\/angebot\/\">Continue reading <span class=\"meta-nav\">&rarr;<\/span><\/a><\/p>\n","protected":false},"author":1,"featured_media":0,"parent":0,"menu_order":0,"comment_status":"closed","ping_status":"closed","template":"","meta":{"footnotes":""},"class_list":["post-107","page","type-page","status-publish","hentry"],"translation":{"provider":"WPGlobus","version":"2.12.2","language":"en","enabled_languages":["de","en"],"languages":{"de":{"title":true,"content":true,"excerpt":false},"en":{"title":false,"content":false,"excerpt":false}}},"_links":{"self":[{"href":"http:\/\/kita.glkihv.de\/en\/wp-json\/wp\/v2\/pages\/107"}],"collection":[{"href":"http:\/\/kita.glkihv.de\/en\/wp-json\/wp\/v2\/pages"}],"about":[{"href":"http:\/\/kita.glkihv.de\/en\/wp-json\/wp\/v2\/types\/page"}],"author":[{"embeddable":true,"href":"http:\/\/kita.glkihv.de\/en\/wp-json\/wp\/v2\/users\/1"}],"replies":[{"embeddable":true,"href":"http:\/\/kita.glkihv.de\/en\/wp-json\/wp\/v2\/comments?post=107"}],"version-history":[{"count":1,"href":"http:\/\/kita.glkihv.de\/en\/wp-json\/wp\/v2\/pages\/107\/revisions"}],"predecessor-version":[{"id":108,"href":"http:\/\/kita.glkihv.de\/en\/wp-json\/wp\/v2\/pages\/107\/revisions\/108"}],"wp:attachment":[{"href":"http:\/\/kita.glkihv.de\/en\/wp-json\/wp\/v2\/media?parent=107"}],"curies":[{"name":"wp","href":"https:\/\/api.w.org\/{rel}","templated":true}]}}