{"id":53,"date":"2019-04-16T13:23:22","date_gmt":"2019-04-16T11:23:22","guid":{"rendered":"http:\/\/kita.glkihv.de\/?page_id=53"},"modified":"2019-04-16T13:23:22","modified_gmt":"2019-04-16T11:23:22","slug":"kinderkrippe","status":"publish","type":"page","link":"http:\/\/kita.glkihv.de\/en\/kinderkrippe\/","title":{"rendered":"Kinderkrippe"},"content":{"rendered":"<p><strong>Unsere neue Kinderkrippe &#8211; Kita M\u00fcnchen<\/strong><\/p>\n<p>Immer mehr Menschen ben\u00f6tigen auch f\u00fcr Kinder im Krippenalter Betreuung au\u00dferhalb der eigenen vier W\u00e4nde. Gerade in diesem sensiblen Alter ist es wichtig, dass die Kleinen professionell, aber nat\u00fcrlich auch liebevoll, individuell und nach klaren p\u00e4dagogischen Richtlinien betreut werden. Die Kinderkrippe Kita St. Martin in M\u00fcnchen Giesing bietet Eltern und ihrem Nachwuchs genau das:<\/p>\n<p>Eine fundierte Betreuung durch ausgebildete Erzieher, die sich dem Kind und seinen Bed\u00fcrfnissen zuwenden und so eine optimale familienerg\u00e4nzende Betreuung darstellen<strong>.<\/strong><\/p>\n<p>In der St. Martin Kita in M\u00fcnchen Giesing gibt es aktuell drei Kinderkrippengruppen. Hier werden pro Gruppe maximal zw\u00f6lf Kinder aufgenommen. Die Altersstreuung geht von einem Jahr bis drei Jahre. Die Kita M\u00fcnchen hat sehr gute Erfahrungen mit einer geschlechts- und altersgemischten Struktur unserer Gruppen gemacht. Wir erleben jeden Tag in der Kita M\u00fcnchen, dass unsere Struktur der Krippe ideal f\u00fcr den Nachwuchs ist, um wichtige soziale Kompetenzen zu erlernen. Die Kleinen lernen viel von den Gro\u00dfen. Dies geschieht nat\u00fcrlich ganz spielerisch und ohne jeden Zwang von au\u00dfen.<\/p>\n<p>F\u00fcr die j\u00fcngeren Kinder bedeutet Lernen in einer altersgemischten Gruppe Nachahmung dessen, was sie von den anderen sehen. Kinder haben ein innerliches Bed\u00fcrfnis, sich stetig weiterzuentwickeln. Damit sich dieses Bed\u00fcrfnis auch gut ausbilden kann, sind st\u00e4ndige Anregungen in einer nat\u00fcrlichen Umgebung von gro\u00dfer Bedeutung. Unsere j\u00fcngeren Kinder in der Kita St. Martin in M\u00fcnchen Giesing profitieren hier von den etwas \u00e4lteren Kindern und schauen sich im t\u00e4glichen Krippenalltag vieles von ihnen ab, wenn es beispielsweise ums Essen, ums Basteln oder um den Spracherwerb geht.<\/p>\n<p>In einer so nat\u00fcrlichen Umgebung ist Lernen keine k\u00fcnstliche, isolierte Beeinflussung, sondern geschieht spielerisch wie von selbst, jedes Kind in seinem eigenen Tempo. Aber nicht nur die Kleinen lernen von den Gro\u00dfen in der Kita, da die \u00e4lteren Kinder jeden Tag die M\u00f6glichkeit haben, sich im Umgang mit J\u00fcngeren zu erproben, ihnen zu helfen und so wichtige soziale Kompetenzen zu f\u00f6rdern. Hilfe, R\u00fccksichtnahme und auch Solidarit\u00e4t werden so zu selbstverst\u00e4ndlichen Erziehungszielen.<\/p>\n<p>Alle Kinder werden in der Kinderkrippe M\u00fcnchen in ihren F\u00e4higkeiten gefordert, miteinander zu spielen und zu lernen, sich zu helfen, aber auch Kritik zu \u00fcben und anzunehmen. Die so genannte Kritik- und Konfliktf\u00e4higkeit ist heute ebenfalls von zentraler Bedeutung f\u00fcr ein gelingendes Miteinander. In unserer familien\u00e4hnlichen Situation in der Kita M\u00fcnchen k\u00f6nnen die uns anvertrauten Kinder genau diese wichtigen Erfahrungen jeden Tag aufs Neue machen und unter der Anleitung der Erzieherinnen reflektieren.<\/p>\n<p>Der Alltag in der Kita M\u00fcnchen bietet Rhythmus und Freiheit zugleich &#8211; beides ist f\u00fcr Kinder sehr wichtig. So gibt es einen t\u00e4glichen Morgengruppenkreis. Hier kommen die Kinder zusammen, begr\u00fc\u00dfen sich und starten mit einem gewohnten Ritual in den Tag. Das gibt Sicherheit und vermittelt jeden Tag aufs Neue, dazuzugeh\u00f6ren. Anschlie\u00dfend k\u00f6nnen die Kinder aber auch ihren Interessen nachgehen und sich in Freispiel und thematischer Arbeit so selbst organisieren. Dabei werden sie nat\u00fcrlich von unseren Erzieherinnen unterst\u00fctzt und bei Bedarf angeleitet.<\/p>\n<p>Jeden Tag gibt es eine Reihe von Wahlm\u00f6glichkeiten, die verschiedene Lern- und Spielinteressen altersgerecht ansprechen. So wird den Kindern vermittelt, dass sie in der Kinderkrippe M\u00fcnchen ihren Alltag eigenst\u00e4ndig mitgestalten k\u00f6nnen. F\u00fcr die Motivation der Kinder ist es sehr wichtig, selbstbestimmend w\u00e4hlen zu k\u00f6nnen, was sie interessiert: So werden die besten Lernergebnisse erzielt!<\/p>\n","protected":false},"excerpt":{"rendered":"<p>Unsere neue Kinderkrippe &#8211; Kita M\u00fcnchen Immer mehr Menschen ben\u00f6tigen auch f\u00fcr Kinder im Krippenalter Betreuung au\u00dferhalb der eigenen vier W\u00e4nde. Gerade in diesem sensiblen Alter ist es wichtig, dass die Kleinen professionell, aber nat\u00fcrlich auch liebevoll, individuell und nach &hellip; <a href=\"http:\/\/kita.glkihv.de\/en\/kinderkrippe\/\">Continue reading <span class=\"meta-nav\">&rarr;<\/span><\/a><\/p>\n","protected":false},"author":1,"featured_media":0,"parent":0,"menu_order":0,"comment_status":"closed","ping_status":"closed","template":"","meta":{"footnotes":""},"class_list":["post-53","page","type-page","status-publish","hentry"],"translation":{"provider":"WPGlobus","version":"2.12.2","language":"en","enabled_languages":["de","en"],"languages":{"de":{"title":true,"content":true,"excerpt":false},"en":{"title":false,"content":false,"excerpt":false}}},"_links":{"self":[{"href":"http:\/\/kita.glkihv.de\/en\/wp-json\/wp\/v2\/pages\/53"}],"collection":[{"href":"http:\/\/kita.glkihv.de\/en\/wp-json\/wp\/v2\/pages"}],"about":[{"href":"http:\/\/kita.glkihv.de\/en\/wp-json\/wp\/v2\/types\/page"}],"author":[{"embeddable":true,"href":"http:\/\/kita.glkihv.de\/en\/wp-json\/wp\/v2\/users\/1"}],"replies":[{"embeddable":true,"href":"http:\/\/kita.glkihv.de\/en\/wp-json\/wp\/v2\/comments?post=53"}],"version-history":[{"count":1,"href":"http:\/\/kita.glkihv.de\/en\/wp-json\/wp\/v2\/pages\/53\/revisions"}],"predecessor-version":[{"id":54,"href":"http:\/\/kita.glkihv.de\/en\/wp-json\/wp\/v2\/pages\/53\/revisions\/54"}],"wp:attachment":[{"href":"http:\/\/kita.glkihv.de\/en\/wp-json\/wp\/v2\/media?parent=53"}],"curies":[{"name":"wp","href":"https:\/\/api.w.org\/{rel}","templated":true}]}}