{"id":55,"date":"2019-04-16T13:24:25","date_gmt":"2019-04-16T11:24:25","guid":{"rendered":"http:\/\/kita.glkihv.de\/?page_id=55"},"modified":"2019-04-18T07:34:35","modified_gmt":"2019-04-18T05:34:35","slug":"kindergarten","status":"publish","type":"page","link":"http:\/\/kita.glkihv.de\/en\/kindergarten\/","title":{"rendered":"Kindergarten"},"content":{"rendered":"<h2>Kita St. Martin &#8211; ein Kindergarten wie eine Gro\u00dffamilie<\/h2>\n<p>In den meisten Industriel\u00e4ndern setzt sich immer mehr der Trend zur Ein-Kind-Familie mit zwei berufst\u00e4tigen Eltern durch. F\u00fcr die Entwicklung sozialer Kompetenzen ist es aber f\u00fcr Kinder wichtig, m\u00f6glichst fr\u00fchzeitig Kontakt mit gleichaltrigen UND \u00e4lteren bzw. j\u00fcngeren Spielkameraden zu haben &#8211; dies beim Spielen drau\u00dfen zu bekommen, ist heute in vielen Wohngebieten gar nicht mehr m\u00f6glich und auch kaum \u00fcblich. Deshalb haben wir uns f\u00fcr unseren Kindergarten M\u00fcnchen entschieden, dass wir in einer einzigen geschlechts- und altersm\u00e4\u00dfig gemischten Gruppe bis zu 25 Kinder; uns deutlich von anderen Kinderg\u00e4rten in M\u00fcnchen unterscheiden.<\/p>\n<p>Wir m\u00f6chten, dass Ihr Kind bei uns im Kindergarten M\u00fcnchen nicht nur Freundschaften mit Gleichaltrigen schlie\u00dfen kann, sondern (und dies ist besonders wichtig f\u00fcr Kinder, die keine Geschwister haben) es soll als kleineres Kind die M\u00f6glichkeit haben, von \u00e4lteren zu lernen und als \u00e4lteres Kind soziale Verantwortung im Umgang mit J\u00fcngeren und Schw\u00e4cheren entwickeln. Ihr Kind soll sich bei uns beh\u00fctet, gef\u00f6rdert und aufgehoben f\u00fchlen wie in einer guten Gro\u00dffamilie.<\/p>\n<h2>Voneinander lernen im Kindergarten M\u00fcnchen<\/h2>\n<p>Erfahrungsgem\u00e4\u00df lernen Kinder viel lieber und schneller voneinander als von Erwachsenen.<br \/>\nIn unserer <a href=\"http:\/\/kita.glkihv.de\/kinderkrippe\/\">Kinderkrippe<\/a> ist dies ausdr\u00fccklich erw\u00fcnscht und m\u00f6glich, indem sie den Kindern gr\u00f6\u00dftm\u00f6gliche Freiheit bei der Gestaltung ihres Tagesablaufs gew\u00e4hrt. Auf diese Weise kann sich jedes Kind frei entfalten, sich in einem beh\u00fcteten Rahmen frei und kreativ entwickeln und dabei ein gesundes Selbstbewusstsein aufbauen &#8211; vor allem auch durch den Umgang mit den anderen Kindern: von den erw\u00e4hnten sozialen Kompetenzen abgesehen, erlernen so nicht nur die Kleinen motorische und sprachliche F\u00e4higkeiten von den \u00c4lteren, sondern die gr\u00f6\u00dferen Kinder vertiefen und festigen ihr K\u00f6nnen und Wissen auch durch die Weitergabe.<\/p>\n<p>Die familien\u00e4hnliche Struktur der Gruppe in unserem Kindergarten M\u00fcnchen bedeutet f\u00fcr Ihr Kind Halt und Kontinuit\u00e4t &#8211; R\u00fccksichtnahme und gegenseitiger Respekt, Hilfsbereitschaft und Solidarit\u00e4t werden bei uns gro\u00dfgeschrieben &#8211; aber auch die F\u00e4higkeit zur Abgrenzung, Konfliktbew\u00e4ltigung und Kritikf\u00e4higkeit entwickeln sich &#8211; \u00e4hnlich wie unter Geschwistern &#8211; nebenbei mit.<\/p>\n<h2>Tagesablauf und individuelle Angebote im Kindergarten M\u00fcnchen<\/h2>\n<p>Nach dem t\u00e4glichen Morgengruppenkreis, mit dem alle gemeinsam in den neuen Tag starten, hat Ihr Kind eine ganze Reihe von Lern- und Spielangeboten zur Auswahl. Auf diese Weise gestaltet es schon fr\u00fchzeitig seinen Alltag aktiv mit.<br \/>\nBei allen alters\u00fcbergreifenden haben wir auch einige altersspezifische Angebote, bei denen vor allem die \u00c4lteren den Raum und die Ruhe erhalten, die sie ben\u00f6tigen und bei denen sie F\u00e4higkeiten entwickeln, von denen sie unter anderem auch sp\u00e4ter in der Schule profitieren werden.<\/p>\n<p>Uns der Kita M\u00fcnchen ist es wichtig, dass wir mit den Kindern bei Wind und Wetter im Garten spielen, Spazierg\u00e4nge machen und mit den gr\u00f6\u00dferen Kindern auch Ausfl\u00fcge wie unternehmen.<\/p>\n<p>Wir die Kita M\u00fcnchen in Giesing freuen uns auf Ihr Kind als neues &#8220;Familienmitglied&#8221;!<\/p>\n","protected":false},"excerpt":{"rendered":"<p>Kita St. Martin &#8211; ein Kindergarten wie eine Gro\u00dffamilie In den meisten Industriel\u00e4ndern setzt sich immer mehr der Trend zur Ein-Kind-Familie mit zwei berufst\u00e4tigen Eltern durch. F\u00fcr die Entwicklung sozialer Kompetenzen ist es aber f\u00fcr Kinder wichtig, m\u00f6glichst fr\u00fchzeitig Kontakt &hellip; <a href=\"http:\/\/kita.glkihv.de\/en\/kindergarten\/\">Continue reading <span class=\"meta-nav\">&rarr;<\/span><\/a><\/p>\n","protected":false},"author":1,"featured_media":0,"parent":0,"menu_order":0,"comment_status":"closed","ping_status":"closed","template":"","meta":{"footnotes":""},"class_list":["post-55","page","type-page","status-publish","hentry"],"translation":{"provider":"WPGlobus","version":"2.12.2","language":"en","enabled_languages":["de","en"],"languages":{"de":{"title":true,"content":true,"excerpt":false},"en":{"title":false,"content":false,"excerpt":false}}},"_links":{"self":[{"href":"http:\/\/kita.glkihv.de\/en\/wp-json\/wp\/v2\/pages\/55"}],"collection":[{"href":"http:\/\/kita.glkihv.de\/en\/wp-json\/wp\/v2\/pages"}],"about":[{"href":"http:\/\/kita.glkihv.de\/en\/wp-json\/wp\/v2\/types\/page"}],"author":[{"embeddable":true,"href":"http:\/\/kita.glkihv.de\/en\/wp-json\/wp\/v2\/users\/1"}],"replies":[{"embeddable":true,"href":"http:\/\/kita.glkihv.de\/en\/wp-json\/wp\/v2\/comments?post=55"}],"version-history":[{"count":2,"href":"http:\/\/kita.glkihv.de\/en\/wp-json\/wp\/v2\/pages\/55\/revisions"}],"predecessor-version":[{"id":188,"href":"http:\/\/kita.glkihv.de\/en\/wp-json\/wp\/v2\/pages\/55\/revisions\/188"}],"wp:attachment":[{"href":"http:\/\/kita.glkihv.de\/en\/wp-json\/wp\/v2\/media?parent=55"}],"curies":[{"name":"wp","href":"https:\/\/api.w.org\/{rel}","templated":true}]}}