{"id":60,"date":"2019-04-16T14:26:20","date_gmt":"2019-04-16T12:26:20","guid":{"rendered":"http:\/\/kita.glkihv.de\/?page_id=60"},"modified":"2022-09-15T13:50:45","modified_gmt":"2022-09-15T11:50:45","slug":"wissenswertes","status":"publish","type":"page","link":"http:\/\/kita.glkihv.de\/en\/wissenswertes\/","title":{"rendered":"Wissenswertes"},"content":{"rendered":"<div class=\"inside\">\n<div id=\"wissenswertes\" class=\"mod_article block\">\n<div class=\"ce_text block\">\n<h2>Was passiert im Krankheitsfall?<\/h2>\n<p>Gerade Kleinkinder erkranken h\u00e4ufig. Damit sie schnellstm\u00f6glich wieder gesund werden und andere Kinder nicht anstecken, m\u00fcssen kranke Kinder zuhause bleiben. Erst wenn sie einen Tag fieberfrei sind, d\u00fcrfen sie wieder in die Kindertagesst\u00e4tte; bei ansteckenden Kinderkrankheiten ist zudem ein vom Arzt ausgestelltes Attest \u00fcber die Ansteckungsfreiheit des Kindes vorzulegen.<\/p>\n<\/div>\n<\/div>\n<\/div>\n","protected":false},"excerpt":{"rendered":"<p>Was passiert im Krankheitsfall? Gerade Kleinkinder erkranken h\u00e4ufig. Damit sie schnellstm\u00f6glich wieder gesund werden und andere Kinder nicht anstecken, m\u00fcssen kranke Kinder zuhause bleiben. Erst wenn sie einen Tag fieberfrei sind, d\u00fcrfen sie wieder in die Kindertagesst\u00e4tte; bei ansteckenden Kinderkrankheiten &hellip; <a href=\"http:\/\/kita.glkihv.de\/en\/wissenswertes\/\">Continue reading <span class=\"meta-nav\">&rarr;<\/span><\/a><\/p>\n","protected":false},"author":1,"featured_media":0,"parent":0,"menu_order":0,"comment_status":"closed","ping_status":"closed","template":"","meta":{"footnotes":""},"class_list":["post-60","page","type-page","status-publish","hentry"],"translation":{"provider":"WPGlobus","version":"2.12.2","language":"en","enabled_languages":["de","en"],"languages":{"de":{"title":true,"content":true,"excerpt":false},"en":{"title":false,"content":false,"excerpt":false}}},"_links":{"self":[{"href":"http:\/\/kita.glkihv.de\/en\/wp-json\/wp\/v2\/pages\/60"}],"collection":[{"href":"http:\/\/kita.glkihv.de\/en\/wp-json\/wp\/v2\/pages"}],"about":[{"href":"http:\/\/kita.glkihv.de\/en\/wp-json\/wp\/v2\/types\/page"}],"author":[{"embeddable":true,"href":"http:\/\/kita.glkihv.de\/en\/wp-json\/wp\/v2\/users\/1"}],"replies":[{"embeddable":true,"href":"http:\/\/kita.glkihv.de\/en\/wp-json\/wp\/v2\/comments?post=60"}],"version-history":[{"count":2,"href":"http:\/\/kita.glkihv.de\/en\/wp-json\/wp\/v2\/pages\/60\/revisions"}],"predecessor-version":[{"id":261,"href":"http:\/\/kita.glkihv.de\/en\/wp-json\/wp\/v2\/pages\/60\/revisions\/261"}],"wp:attachment":[{"href":"http:\/\/kita.glkihv.de\/en\/wp-json\/wp\/v2\/media?parent=60"}],"curies":[{"name":"wp","href":"https:\/\/api.w.org\/{rel}","templated":true}]}}