{"id":64,"date":"2019-04-16T14:26:52","date_gmt":"2019-04-16T12:26:52","guid":{"rendered":"http:\/\/kita.glkihv.de\/?page_id=64"},"modified":"2023-09-12T16:27:36","modified_gmt":"2023-09-12T14:27:36","slug":"karriere","status":"publish","type":"page","link":"http:\/\/kita.glkihv.de\/en\/karriere\/","title":{"rendered":"Karriere"},"content":{"rendered":"<div class=\"inside\">\n<div id=\"karriere\" class=\"mod_article block\">\n<div class=\"ce_text block\">\n<h1>Freie Stellen<\/h1>\n<p>Wir suchen <strong>eine Erzieherin\/einen Erzieher<\/strong> in Vollzeit.<\/p>\n<p>Aktuell haben wir auch freie Praktikumspl\u00e4tze f\u00fcr KinderpflegerInnen und ErzieherInnen Praktikanten.<\/p>\n<h1><\/h1>\n<h1>Bewerbung<\/h1>\n<div>\n<p>Liebe\/r Kinderpfleger\/in, liebe\/r Erzieher\/in, liebe\/r Sozialp\u00e4dagoge \/ Sozialp\u00e4dagogin,<\/p>\n<p>vielen Dank f\u00fcr Ihr Interesse an unserer Einrichtung.<\/p>\n<p>Unsere Kita St. Martin in M\u00fcnchen Giesing wurde im September 2013 in einem neuen und modernen B\u00fcrogeb\u00e4ude er\u00f6ffnet.<\/p>\n<p>Sie haben ein gro\u00dfes Herz f\u00fcr kleine Kinder? Suchen Sie einen neuen beruflichen Wirkungskreis oder die erste Anstellung nach Ihrer abgeschlossenen Ausbildung? Sind Sie wie wir der Ansicht, dass Kinder f\u00fcr ihre pers\u00f6nliche Entfaltung einen Ort der Geborgenheit und Sicherheit brauchen?<\/p>\n<p>Dann lernen Sie die Kita St. Martin als Arbeitgeber kennen. Wir bieten Ihnen ein Arbeitsumfeld, in dem Sie Ihre Erfahrung und Pers\u00f6nlichkeit einbringen und sich weiterentwickeln k\u00f6nnen. Wir bei der Kita St. Martin sind ein leistungsf\u00e4higes Team, in dem sich alle Kollegen\/Innen mit gegenseitigem Respekt und Unterst\u00fctzung begegnen.<\/p>\n<p>Ihre vollst\u00e4ndige Bewerbung mit Anschreiben, Lebenslauf und Zeugnissen senden Sie bitte an folgende E-Mail Adresse:<\/p>\n<p><a href=\"verwaltung@kinderfan.de\">verwaltung@kinderfan.de\u00a0<\/a><\/p>\n<p>Gerne k\u00f6nnen Sie uns auch unter 089 2000 68 402 anrufen.<\/p>\n<p>Wir freuen uns auf Ihre Bewerbung!<\/p>\n<div class=\"n\">Herzliche Gr\u00fc\u00dfe<\/div>\n<div class=\"n\">Ihr Kinderfan-Team<\/div>\n<\/div>\n<\/div>\n<\/div>\n<\/div>\n","protected":false},"excerpt":{"rendered":"<p>Freie Stellen Wir suchen eine Erzieherin\/einen Erzieher in Vollzeit. Aktuell haben wir auch freie Praktikumspl\u00e4tze f\u00fcr KinderpflegerInnen und ErzieherInnen Praktikanten. Bewerbung Liebe\/r Kinderpfleger\/in, liebe\/r Erzieher\/in, liebe\/r Sozialp\u00e4dagoge \/ Sozialp\u00e4dagogin, vielen Dank f\u00fcr Ihr Interesse an unserer Einrichtung. Unsere Kita St. &hellip; <a href=\"http:\/\/kita.glkihv.de\/en\/karriere\/\">Continue reading <span class=\"meta-nav\">&rarr;<\/span><\/a><\/p>\n","protected":false},"author":1,"featured_media":0,"parent":0,"menu_order":0,"comment_status":"closed","ping_status":"closed","template":"","meta":{"footnotes":""},"class_list":["post-64","page","type-page","status-publish","hentry"],"translation":{"provider":"WPGlobus","version":"2.12.2","language":"en","enabled_languages":["de","en"],"languages":{"de":{"title":true,"content":true,"excerpt":false},"en":{"title":false,"content":false,"excerpt":false}}},"_links":{"self":[{"href":"http:\/\/kita.glkihv.de\/en\/wp-json\/wp\/v2\/pages\/64"}],"collection":[{"href":"http:\/\/kita.glkihv.de\/en\/wp-json\/wp\/v2\/pages"}],"about":[{"href":"http:\/\/kita.glkihv.de\/en\/wp-json\/wp\/v2\/types\/page"}],"author":[{"embeddable":true,"href":"http:\/\/kita.glkihv.de\/en\/wp-json\/wp\/v2\/users\/1"}],"replies":[{"embeddable":true,"href":"http:\/\/kita.glkihv.de\/en\/wp-json\/wp\/v2\/comments?post=64"}],"version-history":[{"count":10,"href":"http:\/\/kita.glkihv.de\/en\/wp-json\/wp\/v2\/pages\/64\/revisions"}],"predecessor-version":[{"id":307,"href":"http:\/\/kita.glkihv.de\/en\/wp-json\/wp\/v2\/pages\/64\/revisions\/307"}],"wp:attachment":[{"href":"http:\/\/kita.glkihv.de\/en\/wp-json\/wp\/v2\/media?parent=64"}],"curies":[{"name":"wp","href":"https:\/\/api.w.org\/{rel}","templated":true}]}}