{"id":66,"date":"2019-04-16T14:27:13","date_gmt":"2019-04-16T12:27:13","guid":{"rendered":"http:\/\/kita.glkihv.de\/?page_id=66"},"modified":"2023-09-12T16:19:47","modified_gmt":"2023-09-12T14:19:47","slug":"kontakt","status":"publish","type":"page","link":"http:\/\/kita.glkihv.de\/en\/kontakt\/","title":{"rendered":"Kontakt"},"content":{"rendered":"<p><strong>Voranmeldung<\/strong><\/p>\n<div>\n<p>Wenn Sie Ihr Kind in unserer Kita anmelden m\u00f6chten, bitten wir Sie, sich \u00fcber die Landeshauptstadt M\u00fcnchen beim kita finder <strong>+ <\/strong> zu registrieren und uns zudem eine Mail an kontakt@kinderfan.de\u00a0zu senden. Eine verbindliche Zusage zum n\u00e4chsten Kindergartenjahr hin erhalten Sie zum jeweiligen Stichtag.<\/p>\n<p>Ihre Ansprechpartner erreichen Sie unter kontakt@kinderfan.de oder 089 2000 68 400.<\/p>\n<\/div>\n<h1>Kontakt<\/h1>\n<p>Falls Sie noch weitere Fragen haben, die Ihnen auf dem Herzen liegen, schicken Sie uns einfach eine E-Mail an kontakt@kinderfan.de oder rufen Sie uns unter 089 2000 68 400 an.<\/p>\n<div class=\"ce_text block\">\n<p>Wir freuen uns auf Sie!<\/p>\n<p><strong>Kinderfan M\u00fcnchen UG (haftungsbeschr\u00e4nkt)<br \/>\nKita St. Martin<br \/>\n<\/strong><strong>St.-Martin-Stra\u00dfe 59a<\/strong><br \/>\n<strong>81669 M\u00fcnchen<\/strong><\/p>\n<\/div>\n","protected":false},"excerpt":{"rendered":"<p>Voranmeldung Wenn Sie Ihr Kind in unserer Kita anmelden m\u00f6chten, bitten wir Sie, sich \u00fcber die Landeshauptstadt M\u00fcnchen beim kita finder + zu registrieren und uns zudem eine Mail an kontakt@kinderfan.de\u00a0zu senden. Eine verbindliche Zusage zum n\u00e4chsten Kindergartenjahr hin erhalten &hellip; <a href=\"http:\/\/kita.glkihv.de\/en\/kontakt\/\">Continue reading <span class=\"meta-nav\">&rarr;<\/span><\/a><\/p>\n","protected":false},"author":1,"featured_media":0,"parent":0,"menu_order":0,"comment_status":"closed","ping_status":"closed","template":"","meta":{"footnotes":""},"class_list":["post-66","page","type-page","status-publish","hentry"],"translation":{"provider":"WPGlobus","version":"2.12.2","language":"en","enabled_languages":["de","en"],"languages":{"de":{"title":true,"content":true,"excerpt":false},"en":{"title":false,"content":false,"excerpt":false}}},"_links":{"self":[{"href":"http:\/\/kita.glkihv.de\/en\/wp-json\/wp\/v2\/pages\/66"}],"collection":[{"href":"http:\/\/kita.glkihv.de\/en\/wp-json\/wp\/v2\/pages"}],"about":[{"href":"http:\/\/kita.glkihv.de\/en\/wp-json\/wp\/v2\/types\/page"}],"author":[{"embeddable":true,"href":"http:\/\/kita.glkihv.de\/en\/wp-json\/wp\/v2\/users\/1"}],"replies":[{"embeddable":true,"href":"http:\/\/kita.glkihv.de\/en\/wp-json\/wp\/v2\/comments?post=66"}],"version-history":[{"count":12,"href":"http:\/\/kita.glkihv.de\/en\/wp-json\/wp\/v2\/pages\/66\/revisions"}],"predecessor-version":[{"id":259,"href":"http:\/\/kita.glkihv.de\/en\/wp-json\/wp\/v2\/pages\/66\/revisions\/259"}],"wp:attachment":[{"href":"http:\/\/kita.glkihv.de\/en\/wp-json\/wp\/v2\/media?parent=66"}],"curies":[{"name":"wp","href":"https:\/\/api.w.org\/{rel}","templated":true}]}}